{"id":801719,"date":"2023-04-14T09:13:45","date_gmt":"2023-04-14T07:13:45","guid":{"rendered":"https:\/\/info-lauriersroses.com\/?page_id=801719"},"modified":"2023-04-15T13:18:52","modified_gmt":"2023-04-15T11:18:52","slug":"garage-mort","status":"publish","type":"page","link":"https:\/\/info-lauriersroses.com\/fr\/garage-mort\/","title":{"rendered":"Garage Mort"},"content":{"rendered":"<p>[et_pb_section fb_built=\u00a0\u00bb1&Prime; _builder_version=\u00a0\u00bb4.19.0&Prime; width=\u00a0\u00bb1080px\u00a0\u00bb width_tablet=\u00a0\u00bbauto\u00a0\u00bb width_phone=\u00a0\u00bbauto\u00a0\u00bb width_last_edited=\u00a0\u00bbon|tablet\u00a0\u00bb module_alignment=\u00a0\u00bbcenter\u00a0\u00bb custom_margin=\u00a0\u00bb|0px||0px|false|false\u00a0\u00bb custom_padding=\u00a0\u00bb|0px||0px|false|false\u00a0\u00bb global_colors_info=\u00a0\u00bb{}\u00a0\u00bb][et_pb_row _builder_version=\u00a0\u00bb4.19.0&Prime; background_size=\u00a0\u00bbinitial\u00a0\u00bb background_position=\u00a0\u00bbtop_left\u00a0\u00bb background_repeat=\u00a0\u00bbrepeat\u00a0\u00bb global_colors_info=\u00a0\u00bb{}\u00a0\u00bb][et_pb_column type=\u00a0\u00bb4_4&Prime; _builder_version=\u00a0\u00bb4.16&Prime; custom_padding=\u00a0\u00bb|||\u00a0\u00bb global_colors_info=\u00a0\u00bb{}\u00a0\u00bb custom_padding__hover=\u00a0\u00bb|||\u00a0\u00bb][et_pb_text admin_label=\u00a0\u00bbTitel\u00a0\u00bb _builder_version=\u00a0\u00bb4.20.4&Prime; _module_preset=\u00a0\u00bbdefault\u00a0\u00bb global_colors_info=\u00a0\u00bb{}\u00a0\u00bb]<\/p>\n<h1 class=\"rose\">Garage Mort<\/h1>\n<p>[\/et_pb_text][et_pb_text _builder_version=\u00a0\u00bb4.20.4&Prime; _module_preset=\u00a0\u00bbdefault\u00a0\u00bb hover_enabled=\u00a0\u00bb0&Prime; global_colors_info=\u00a0\u00bb{}\u00a0\u00bb sticky_enabled=\u00a0\u00bb0&Prime;]<\/p>\n<p>Le Camping met \u00e0 la disposition du Client, qui l\u2019accepte, un espace de stationnement, nomm\u00e9 ci-apr\u00e8s \u00ab Garage Mort \u00bb<br \/>et ne peut en aucun cas s\u2019analyser ou s\u2019assimiler \u00e0 un contrat de d\u00e9p\u00f4t ; il ne cr\u00e9e \u00e0 la charge du Prestataire aucune obligation de garde, de surveillance, d\u2019entretien, des biens entrepos\u00e9s, au sens des articles 1927 et suivants du Code civil.<\/p>\n<p><strong>Responsabilit\u00e9<br \/><\/strong>Le Client entrepose son v\u00e9hicule\/caravane sous sa propre responsabilit\u00e9. Il reste le gardien de son bien au sens de l\u2019article 1242 alin\u00e9a 1 du Code civil.<br \/>En cons\u00e9quence, le Prestataire ne pourra \u00eatre tenu pour responsable en cas de vol ou de d\u00e9gradation du v\u00e9hicule\/caravane.<\/p>\n<p>[\/et_pb_text][\/et_pb_column][\/et_pb_row][\/et_pb_section]<\/p>\n","protected":false},"excerpt":{"rendered":"<p>Garage MortLe Camping met \u00e0 la disposition du Client, qui l\u2019accepte, un espace de stationnement, nomm\u00e9 ci-apr\u00e8s \u00ab Garage Mort \u00bbet ne peut en aucun cas s\u2019analyser ou s\u2019assimiler \u00e0 un contrat de d\u00e9p\u00f4t ; il ne cr\u00e9e \u00e0 la charge du Prestataire aucune obligation de garde, de surveillance, d\u2019entretien, des biens entrepos\u00e9s, au sens [&hellip;]<\/p>\n","protected":false},"author":1,"featured_media":0,"parent":0,"menu_order":0,"comment_status":"closed","ping_status":"closed","template":"","meta":{"_et_pb_use_builder":"on","_et_pb_old_content":"","_et_gb_content_width":"","footnotes":""},"class_list":["post-801719","page","type-page","status-publish","hentry"],"_links":{"self":[{"href":"https:\/\/info-lauriersroses.com\/fr\/wp-json\/wp\/v2\/pages\/801719","targetHints":{"allow":["GET"]}}],"collection":[{"href":"https:\/\/info-lauriersroses.com\/fr\/wp-json\/wp\/v2\/pages"}],"about":[{"href":"https:\/\/info-lauriersroses.com\/fr\/wp-json\/wp\/v2\/types\/page"}],"author":[{"embeddable":true,"href":"https:\/\/info-lauriersroses.com\/fr\/wp-json\/wp\/v2\/users\/1"}],"replies":[{"embeddable":true,"href":"https:\/\/info-lauriersroses.com\/fr\/wp-json\/wp\/v2\/comments?post=801719"}],"version-history":[{"count":11,"href":"https:\/\/info-lauriersroses.com\/fr\/wp-json\/wp\/v2\/pages\/801719\/revisions"}],"predecessor-version":[{"id":801744,"href":"https:\/\/info-lauriersroses.com\/fr\/wp-json\/wp\/v2\/pages\/801719\/revisions\/801744"}],"wp:attachment":[{"href":"https:\/\/info-lauriersroses.com\/fr\/wp-json\/wp\/v2\/media?parent=801719"}],"curies":[{"name":"wp","href":"https:\/\/api.w.org\/{rel}","templated":true}]}}