{"id":801641,"date":"2023-01-15T16:20:28","date_gmt":"2023-01-15T15:20:28","guid":{"rendered":"https:\/\/info-lauriersroses.com\/conditions-de-location-de-coco-sweet\/"},"modified":"2024-12-08T16:40:47","modified_gmt":"2024-12-08T15:40:47","slug":"conditions-de-location-de-coco-sweet","status":"publish","type":"page","link":"https:\/\/info-lauriersroses.com\/fr\/conditions-de-location-de-coco-sweet\/","title":{"rendered":"Conditions de location de Coco Sweet"},"content":{"rendered":"<p>[et_pb_section fb_built=\u00a0\u00bb1&Prime; _builder_version=\u00a0\u00bb4.19.0&Prime; width=\u00a0\u00bb1080px\u00a0\u00bb width_tablet=\u00a0\u00bbauto\u00a0\u00bb width_phone=\u00a0\u00bbauto\u00a0\u00bb width_last_edited=\u00a0\u00bbon|phone\u00a0\u00bb module_alignment=\u00a0\u00bbcenter\u00a0\u00bb custom_margin=\u00a0\u00bb|0px||0px|false|false\u00a0\u00bb custom_padding=\u00a0\u00bb|0px||0px|false|false\u00a0\u00bb global_colors_info=\u00a0\u00bb{}\u00a0\u00bb][et_pb_row _builder_version=\u00a0\u00bb4.19.0&Prime; background_size=\u00a0\u00bbinitial\u00a0\u00bb background_position=\u00a0\u00bbtop_left\u00a0\u00bb background_repeat=\u00a0\u00bbrepeat\u00a0\u00bb global_colors_info=\u00a0\u00bb{}\u00a0\u00bb][et_pb_column type=\u00a0\u00bb4_4&Prime; _builder_version=\u00a0\u00bb4.16&Prime; custom_padding=\u00a0\u00bb|||\u00a0\u00bb global_colors_info=\u00a0\u00bb{}\u00a0\u00bb custom_padding__hover=\u00a0\u00bb|||\u00a0\u00bb][et_pb_text _builder_version=\u00a0\u00bb4.19.4&Prime; _module_preset=\u00a0\u00bbdefault\u00a0\u00bb locked=\u00a0\u00bboff\u00a0\u00bb global_colors_info=\u00a0\u00bb{}\u00a0\u00bb]<\/p>\n<h1>Conditions de location<\/h1>\n<ul>\n<li>La p\u00e9riode de location minimale est de 1 semaine, toujours du samedi au samedi.<\/li>\n<li>Le WiFi n&rsquo;est pas inclus dans le prix de la semaine.<\/li>\n<li>Le Coco Sweet lou\u00e9 est disponible \u00e0 partir de 16h le jour du d\u00e9but de la location et doit \u00eatre lib\u00e9r\u00e9 entre 9h et 10h le jour du d\u00e9part.<\/li>\n<li>Vous devez apporter vos propres draps\/taies d&rsquo;oreiller* et serviettes, mais il est possible de louer des ensembles de draps\/serviettes chez nous.<\/li>\n<li>En option : nettoyage final \u00e0 65 \u20ac,- si vous ne souhaitez pas nettoyer vous-m\u00eame le Coco Sweet.<\/li>\n<\/ul>\n<p>[\/et_pb_text][\/et_pb_column][\/et_pb_row][\/et_pb_section]<\/p>\n","protected":false},"excerpt":{"rendered":"<p>Conditions de location La p\u00e9riode de location minimale est de 1 semaine, toujours du samedi au samedi. Le WiFi n&rsquo;est pas inclus dans le prix de la semaine. Le Coco Sweet lou\u00e9 est disponible \u00e0 partir de 16h le jour du d\u00e9but de la location et doit \u00eatre lib\u00e9r\u00e9 entre 9h et 10h le jour [&hellip;]<\/p>\n","protected":false},"author":1,"featured_media":0,"parent":0,"menu_order":0,"comment_status":"closed","ping_status":"closed","template":"","meta":{"_et_pb_use_builder":"on","_et_pb_old_content":"","_et_gb_content_width":"","footnotes":""},"class_list":["post-801641","page","type-page","status-publish","hentry"],"_links":{"self":[{"href":"https:\/\/info-lauriersroses.com\/fr\/wp-json\/wp\/v2\/pages\/801641","targetHints":{"allow":["GET"]}}],"collection":[{"href":"https:\/\/info-lauriersroses.com\/fr\/wp-json\/wp\/v2\/pages"}],"about":[{"href":"https:\/\/info-lauriersroses.com\/fr\/wp-json\/wp\/v2\/types\/page"}],"author":[{"embeddable":true,"href":"https:\/\/info-lauriersroses.com\/fr\/wp-json\/wp\/v2\/users\/1"}],"replies":[{"embeddable":true,"href":"https:\/\/info-lauriersroses.com\/fr\/wp-json\/wp\/v2\/comments?post=801641"}],"version-history":[{"count":6,"href":"https:\/\/info-lauriersroses.com\/fr\/wp-json\/wp\/v2\/pages\/801641\/revisions"}],"predecessor-version":[{"id":802154,"href":"https:\/\/info-lauriersroses.com\/fr\/wp-json\/wp\/v2\/pages\/801641\/revisions\/802154"}],"wp:attachment":[{"href":"https:\/\/info-lauriersroses.com\/fr\/wp-json\/wp\/v2\/media?parent=801641"}],"curies":[{"name":"wp","href":"https:\/\/api.w.org\/{rel}","templated":true}]}}