{"id":799708,"date":"2023-01-13T09:59:34","date_gmt":"2023-01-13T08:59:34","guid":{"rendered":"https:\/\/lauriersroses.jtni.nl\/?page_id=799708"},"modified":"2024-12-08T16:43:37","modified_gmt":"2024-12-08T15:43:37","slug":"reservation-dun-mobile-home","status":"publish","type":"page","link":"https:\/\/info-lauriersroses.com\/fr\/reservation-dun-mobile-home\/","title":{"rendered":"R\u00e9servation d&rsquo;un mobile-home"},"content":{"rendered":"<p>[et_pb_section fb_built=\u00a0\u00bb1&Prime; _builder_version=\u00a0\u00bb4.19.0&Prime; width=\u00a0\u00bb1080px\u00a0\u00bb width_tablet=\u00a0\u00bbauto\u00a0\u00bb width_phone=\u00a0\u00bbauto\u00a0\u00bb width_last_edited=\u00a0\u00bbon|phone\u00a0\u00bb module_alignment=\u00a0\u00bbcenter\u00a0\u00bb custom_margin=\u00a0\u00bb|0px||0px|false|false\u00a0\u00bb custom_padding=\u00a0\u00bb|0px||0px|false|false\u00a0\u00bb global_colors_info=\u00a0\u00bb{}\u00a0\u00bb][et_pb_row _builder_version=\u00a0\u00bb4.19.0&Prime; background_size=\u00a0\u00bbinitial\u00a0\u00bb background_position=\u00a0\u00bbtop_left\u00a0\u00bb background_repeat=\u00a0\u00bbrepeat\u00a0\u00bb global_colors_info=\u00a0\u00bb{}\u00a0\u00bb][et_pb_column type=\u00a0\u00bb4_4&Prime; _builder_version=\u00a0\u00bb4.16&Prime; custom_padding=\u00a0\u00bb|||\u00a0\u00bb global_colors_info=\u00a0\u00bb{}\u00a0\u00bb custom_padding__hover=\u00a0\u00bb|||\u00a0\u00bb][et_pb_text _builder_version=\u00a0\u00bb4.19.4&Prime; _module_preset=\u00a0\u00bbdefault\u00a0\u00bb link_text_color=\u00a0\u00bb#763F83&Prime; locked=\u00a0\u00bboff\u00a0\u00bb global_colors_info=\u00a0\u00bb{}\u00a0\u00bb]<\/p>\n<h1 class=\"rose\">R\u00e9servation d&rsquo;un mobile-home<\/h1>\n<p>De pr\u00e9f\u00e9rence en ligne (voir indication y relative dans le descriptif du mobile-home de votre choix). Seules les r\u00e9servations accompagn\u00e9es de 40% du montant du s\u00e9jour plus \u20ac 20,00 frais de dossier seront prises en consid\u00e9ration. La confirmation s\u2019effectue par un re\u00e7u et par un contrat de location.<\/p>\n<p>[\/et_pb_text][\/et_pb_column][\/et_pb_row][\/et_pb_section]<\/p>\n","protected":false},"excerpt":{"rendered":"<p>R\u00e9servation d&rsquo;un mobile-home De pr\u00e9f\u00e9rence en ligne (voir indication y relative dans le descriptif du mobile-home de votre choix). Seules les r\u00e9servations accompagn\u00e9es de 40% du montant du s\u00e9jour plus \u20ac 20,00 frais de dossier seront prises en consid\u00e9ration. La confirmation s\u2019effectue par un re\u00e7u et par un contrat de location.<\/p>\n","protected":false},"author":1,"featured_media":0,"parent":0,"menu_order":0,"comment_status":"closed","ping_status":"closed","template":"","meta":{"_et_pb_use_builder":"on","_et_pb_old_content":"<p>[et_pb_section fb_built=\"1\" _builder_version=\"4.19.0\" width=\"1080px\" width_tablet=\"auto\" width_phone=\"auto\" width_last_edited=\"on|phone\" module_alignment=\"center\" custom_margin=\"|0px||0px|false|false\" custom_padding=\"|0px||0px|false|false\" global_colors_info=\"{}\"][et_pb_row _builder_version=\"4.19.0\" background_size=\"initial\" background_position=\"top_left\" background_repeat=\"repeat\" global_colors_info=\"{}\"][et_pb_column type=\"4_4\" _builder_version=\"4.16\" custom_padding=\"|||\" global_colors_info=\"{}\" custom_padding__hover=\"|||\"][et_pb_text _builder_version=\"4.19.4\" _module_preset=\"default\" link_text_color=\"#763F83\" locked=\"off\" global_colors_info=\"{}\"]<\/p><h1>Reserveringen<\/h1><p>Graag ontvangen wij uw reservering online. U kunt online een mobilhome reserveren via de <a href=\"https:\/\/lauriersroses.jtni.nl\/onze-mobil-homes\/\">overzichtpagina.<\/a> Boekingen dienen samen te gaan met een aanbetaling van 40% van het verschuldigde huurbedrag en borgsom, plus \u20ac 17,50 reserveringskosten.<\/p><p>Bevestiging vindt plaats d.m.v. een kwitantie en een berekening van de totaal verschuldigde huursom (excl. toeristenbelasting). Het restant dient uiterlijk 2 weken voor aanvang huur te worden voldaan. De gehuurde caravan is beschikbaar vanaf 16.00 uur op de dag van ingang van de huur en dient tusen 9.00 uur en 10.00 uur op de dag van vertrek te worden verlaten.<\/p><p>Eventuele tijdelijke storingen van de diensten of in de accomodaties op de camping, om technische redenen of door overmacht, verplichten de directie niet tot schadevergoeding of welke geldvergoeding dan ook.[\/et_pb_text][\/et_pb_column][\/et_pb_row][\/et_pb_section]<\/p>","_et_gb_content_width":"","footnotes":""},"class_list":["post-799708","page","type-page","status-publish","hentry"],"_links":{"self":[{"href":"https:\/\/info-lauriersroses.com\/fr\/wp-json\/wp\/v2\/pages\/799708","targetHints":{"allow":["GET"]}}],"collection":[{"href":"https:\/\/info-lauriersroses.com\/fr\/wp-json\/wp\/v2\/pages"}],"about":[{"href":"https:\/\/info-lauriersroses.com\/fr\/wp-json\/wp\/v2\/types\/page"}],"author":[{"embeddable":true,"href":"https:\/\/info-lauriersroses.com\/fr\/wp-json\/wp\/v2\/users\/1"}],"replies":[{"embeddable":true,"href":"https:\/\/info-lauriersroses.com\/fr\/wp-json\/wp\/v2\/comments?post=799708"}],"version-history":[{"count":8,"href":"https:\/\/info-lauriersroses.com\/fr\/wp-json\/wp\/v2\/pages\/799708\/revisions"}],"predecessor-version":[{"id":802158,"href":"https:\/\/info-lauriersroses.com\/fr\/wp-json\/wp\/v2\/pages\/799708\/revisions\/802158"}],"wp:attachment":[{"href":"https:\/\/info-lauriersroses.com\/fr\/wp-json\/wp\/v2\/media?parent=799708"}],"curies":[{"name":"wp","href":"https:\/\/api.w.org\/{rel}","templated":true}]}}