{"id":799689,"date":"2023-01-13T09:57:32","date_gmt":"2023-01-13T08:57:32","guid":{"rendered":"https:\/\/lauriersroses.jtni.nl\/?page_id=799689"},"modified":"2023-01-19T14:50:12","modified_gmt":"2023-01-19T13:50:12","slug":"frais-dannulation","status":"publish","type":"page","link":"https:\/\/info-lauriersroses.com\/fr\/frais-dannulation\/","title":{"rendered":"Frais d&rsquo;annulation"},"content":{"rendered":"<p>[et_pb_section fb_built=\u00a0\u00bb1&Prime; _builder_version=\u00a0\u00bb4.19.0&Prime; width=\u00a0\u00bb1080px\u00a0\u00bb width_tablet=\u00a0\u00bbauto\u00a0\u00bb width_phone=\u00a0\u00bbauto\u00a0\u00bb width_last_edited=\u00a0\u00bbon|phone\u00a0\u00bb module_alignment=\u00a0\u00bbcenter\u00a0\u00bb custom_margin=\u00a0\u00bb|0px||0px|false|false\u00a0\u00bb custom_padding=\u00a0\u00bb|0px||0px|false|false\u00a0\u00bb global_colors_info=\u00a0\u00bb{}\u00a0\u00bb][et_pb_row _builder_version=\u00a0\u00bb4.19.0&Prime; background_size=\u00a0\u00bbinitial\u00a0\u00bb background_position=\u00a0\u00bbtop_left\u00a0\u00bb background_repeat=\u00a0\u00bbrepeat\u00a0\u00bb global_colors_info=\u00a0\u00bb{}\u00a0\u00bb][et_pb_column type=\u00a0\u00bb4_4&Prime; _builder_version=\u00a0\u00bb4.16&Prime; custom_padding=\u00a0\u00bb|||\u00a0\u00bb global_colors_info=\u00a0\u00bb{}\u00a0\u00bb custom_padding__hover=\u00a0\u00bb|||\u00a0\u00bb][et_pb_text _builder_version=\u00a0\u00bb4.19.4&Prime; _module_preset=\u00a0\u00bbdefault\u00a0\u00bb hover_enabled=\u00a0\u00bb0&Prime; locked=\u00a0\u00bboff\u00a0\u00bb global_colors_info=\u00a0\u00bb{}\u00a0\u00bb sticky_enabled=\u00a0\u00bb0&Prime;]<\/p>\n<h1 class=\"rose\">Frais d&rsquo;annulation<\/h1>\n<p>Seront de 25% du montant du s\u00e9jour si l\u2019annulation a lieu 6 semaines ou plus avant la date de la location. En cas d\u2019annulation \u00e0 moins de 6 semaines, les arrhes et frais de dossier seront retenus en totalit\u00e9. Dans les deux cas l\u2019annulation doit se faire par lettre recommand\u00e9e, par fax ou par e-mail.<br \/>L\u2019assurance annulation n\u2019est pas comprise dans le prix. Le client\u00a0 assume son propre assurance annulation.<\/p>\n<p>Nous vous conseillons de souscrire une assurance annulation pour b\u00e9n\u00e9ficier du remboursement lors d&rsquo;une annulation. En cas d&rsquo;annulation ou d&rsquo;interruption de s\u00e9jour, le camping n&rsquo;est pas responsable. Par cons\u00e9quent, il ne donnera lieu \u00e0 aucun remboursement du camping.<\/p>\n<p>[\/et_pb_text][\/et_pb_column][\/et_pb_row][\/et_pb_section]<\/p>\n","protected":false},"excerpt":{"rendered":"<p>Frais d&rsquo;annulation Seront de 25% du montant du s\u00e9jour si l\u2019annulation a lieu 6 semaines ou plus avant la date de la location. En cas d\u2019annulation \u00e0 moins de 6 semaines, les arrhes et frais de dossier seront retenus en totalit\u00e9. Dans les deux cas l\u2019annulation doit se faire par lettre recommand\u00e9e, par fax ou [&hellip;]<\/p>\n","protected":false},"author":1,"featured_media":0,"parent":0,"menu_order":0,"comment_status":"closed","ping_status":"closed","template":"","meta":{"_et_pb_use_builder":"on","_et_pb_old_content":"<p>[et_pb_section fb_built=\"1\" _builder_version=\"4.19.0\" width=\"1080px\" width_tablet=\"auto\" width_phone=\"auto\" width_last_edited=\"on|phone\" module_alignment=\"center\" custom_margin=\"|0px||0px|false|false\" custom_padding=\"|0px||0px|false|false\" global_colors_info=\"{}\"][et_pb_row _builder_version=\"4.19.0\" background_size=\"initial\" background_position=\"top_left\" background_repeat=\"repeat\" global_colors_info=\"{}\"][et_pb_column type=\"4_4\" _builder_version=\"4.16\" custom_padding=\"|||\" global_colors_info=\"{}\" custom_padding__hover=\"|||\"][et_pb_text _builder_version=\"4.19.4\" _module_preset=\"default\" locked=\"off\" global_colors_info=\"{}\"]<\/p><h1 class=\"rose\">Annuleringskosten<\/h1><p>De annuleringskosten bedragen 25% van het huurbedrag indien de annulering 6 weken of eerder voor de geboekte periode plaats vindt.\u00a0Bij annulering binnen 6 weken voor de huurperiode vervalt de gehele betaling. In beide gevallen dient de annulering per aangetekende brief of e-mail te geschieden.\u00a0U kunt zelf voor een eventuele annuleringsverzekering zorgen.<\/p><p>Wij raden u aan een verzekering af te sluiten om te profiteren van de terugbetaling bij een annulering. In geval van annulering of onderbreking van het verblijf is Les Lauriers Roses niet verantwoordelijk. Daarom zal een annulering uwerzijds of onderbreking van uw verblijf geen aanleiding zijn tot enige vorm van terugbetaling door Les Lauriers Roses.<\/p><p>[\/et_pb_text][\/et_pb_column][\/et_pb_row][\/et_pb_section]<\/p>","_et_gb_content_width":"","footnotes":""},"class_list":["post-799689","page","type-page","status-publish","hentry"],"_links":{"self":[{"href":"https:\/\/info-lauriersroses.com\/fr\/wp-json\/wp\/v2\/pages\/799689","targetHints":{"allow":["GET"]}}],"collection":[{"href":"https:\/\/info-lauriersroses.com\/fr\/wp-json\/wp\/v2\/pages"}],"about":[{"href":"https:\/\/info-lauriersroses.com\/fr\/wp-json\/wp\/v2\/types\/page"}],"author":[{"embeddable":true,"href":"https:\/\/info-lauriersroses.com\/fr\/wp-json\/wp\/v2\/users\/1"}],"replies":[{"embeddable":true,"href":"https:\/\/info-lauriersroses.com\/fr\/wp-json\/wp\/v2\/comments?post=799689"}],"version-history":[{"count":4,"href":"https:\/\/info-lauriersroses.com\/fr\/wp-json\/wp\/v2\/pages\/799689\/revisions"}],"predecessor-version":[{"id":799702,"href":"https:\/\/info-lauriersroses.com\/fr\/wp-json\/wp\/v2\/pages\/799689\/revisions\/799702"}],"wp:attachment":[{"href":"https:\/\/info-lauriersroses.com\/fr\/wp-json\/wp\/v2\/media?parent=799689"}],"curies":[{"name":"wp","href":"https:\/\/api.w.org\/{rel}","templated":true}]}}