{"id":799446,"date":"2022-11-26T08:24:00","date_gmt":"2022-11-26T07:24:00","guid":{"rendered":"https:\/\/lauriersroses.jtni.nl\/conseils-utiles\/"},"modified":"2023-01-16T15:38:04","modified_gmt":"2023-01-16T14:38:04","slug":"conseils-utiles","status":"publish","type":"page","link":"https:\/\/info-lauriersroses.com\/fr\/conseils-utiles\/","title":{"rendered":"Conseils utiles"},"content":{"rendered":"<p>[et_pb_section fb_built=\u00a0\u00bb1&Prime; _builder_version=\u00a0\u00bb4.19.0&Prime; width=\u00a0\u00bb1080px\u00a0\u00bb width_tablet=\u00a0\u00bbauto\u00a0\u00bb width_phone=\u00a0\u00bbauto\u00a0\u00bb width_last_edited=\u00a0\u00bbon|tablet\u00a0\u00bb module_alignment=\u00a0\u00bbcenter\u00a0\u00bb custom_margin=\u00a0\u00bb|0px||0px|false|false\u00a0\u00bb custom_padding=\u00a0\u00bb|0px||0px|false|false\u00a0\u00bb global_colors_info=\u00a0\u00bb{}\u00a0\u00bb][et_pb_row _builder_version=\u00a0\u00bb4.19.0&Prime; background_size=\u00a0\u00bbinitial\u00a0\u00bb background_position=\u00a0\u00bbtop_left\u00a0\u00bb background_repeat=\u00a0\u00bbrepeat\u00a0\u00bb global_colors_info=\u00a0\u00bb{}\u00a0\u00bb][et_pb_column type=\u00a0\u00bb4_4&Prime; _builder_version=\u00a0\u00bb4.16&Prime; custom_padding=\u00a0\u00bb|||\u00a0\u00bb global_colors_info=\u00a0\u00bb{}\u00a0\u00bb custom_padding__hover=\u00a0\u00bb|||\u00a0\u00bb][et_pb_text admin_label=\u00a0\u00bbTitel\u00a0\u00bb _builder_version=\u00a0\u00bb4.19.0&Prime; _module_preset=\u00a0\u00bbdefault\u00a0\u00bb global_colors_info=\u00a0\u00bb{}\u00a0\u00bb]<\/p>\n<h1 class=\"rose\">Conseils utiles<\/h1>\n<p>[\/et_pb_text][et_pb_text _builder_version=\u00a0\u00bb4.19.0&Prime; _module_preset=\u00a0\u00bbdefault\u00a0\u00bb global_colors_info=\u00a0\u00bb{}\u00a0\u00bb]<\/p>\n<ul>\n<li>Le sol \u00e9tant assez dur, il est conseill\u00e9 d&rsquo;utiliser des chevilles \u00e0 clous.  <\/li>\n<li>Nos branchements \u00e9lectriques : la prise bleue euro et la prise fran\u00e7aise \u00e0 2 p\u00f4les avec trou (\u00e0 emprunter \u00e0 la r\u00e9ception).  <\/li>\n<li>March\u00e9s \u00e0 Saint Aygulf : tous les mardis et vendredis  <\/li>\n<li>Veuillez noter que le port du bermuda ou du cale\u00e7on est interdit dans la zone de la piscine et que l&rsquo;utilisation de barbecues \u00e0 charbon de bois et\/ou \u00e9lectriques est interdite sur le camping.<\/li>\n<\/ul>\n<p>[\/et_pb_text][\/et_pb_column][\/et_pb_row][et_pb_row _builder_version=\u00a0\u00bb4.19.0&Prime; _module_preset=\u00a0\u00bbdefault\u00a0\u00bb column_structure=\u00a0\u00bb1_3,1_3,1_3&Prime;][et_pb_column _builder_version=\u00a0\u00bb4.19.0&Prime; _module_preset=\u00a0\u00bbdefault\u00a0\u00bb type=\u00a0\u00bb1_3&Prime;][et_pb_image _builder_version=\u00a0\u00bb4.19.0&Prime; _module_preset=\u00a0\u00bbdefault\u00a0\u00bb hover_enabled=\u00a0\u00bb0&Prime; sticky_enabled=\u00a0\u00bb0&Prime; title_text=\u00a0\u00bbles_lauriers_roses europlug\u00a0\u00bb src=\u00a0\u00bbhttps:\/\/info-lauriersroses.com\/wp-content\/uploads\/2022\/11\/les_lauriers_roses-eurostekker-300&#215;206.jpeg\u00a0\u00bb admin_label=\u00a0\u00bbeurostekker\u00a0\u00bb][\/et_pb_image][et_pb_text _builder_version=\u00a0\u00bb4.19.0&Prime; _module_preset=\u00a0\u00bbdefault\u00a0\u00bb text_font=\u00a0\u00bb|600|||||||\u00a0\u00bb text_font_size=\u00a0\u00bb18px\u00a0\u00bb text_orientation=\u00a0\u00bbcenter\u00a0\u00bb hover_enabled=\u00a0\u00bb0&Prime; sticky_enabled=\u00a0\u00bb0&Prime;]<\/p>\n<p>Prise Euro<\/p>\n<p>[\/et_pb_text][\/et_pb_column][et_pb_column _builder_version=\u00a0\u00bb4.19.0&Prime; _module_preset=\u00a0\u00bbdefault\u00a0\u00bb type=\u00a0\u00bb1_3&Prime;][et_pb_image _builder_version=\u00a0\u00bb4.19.0&Prime; _module_preset=\u00a0\u00bbdefault\u00a0\u00bb title_text=\u00a0\u00bbles_lauriers_roses-french-plug\u00a0\u00bb src=\u00a0\u00bbhttps:\/\/info-lauriersroses.com\/wp-content\/uploads\/2022\/11\/les_lauriers_roses-franse-stekker-300&#215;300.jpeg\u00a0\u00bb hover_enabled=\u00a0\u00bb0&Prime; sticky_enabled=\u00a0\u00bb0&Prime;][\/et_pb_image][et_pb_text _builder_version=\u00a0\u00bb4.19.0&Prime; _module_preset=\u00a0\u00bbdefault\u00a0\u00bb text_font=\u00a0\u00bb|600|||||||\u00a0\u00bb text_font_size=\u00a0\u00bb18px\u00a0\u00bb text_orientation=\u00a0\u00bbcenter\u00a0\u00bb hover_enabled=\u00a0\u00bb0&Prime; sticky_enabled=\u00a0\u00bb0&Prime;]<\/p>\n<p>Prise fran\u00e7aise<\/p>\n<p>[\/et_pb_text][\/et_pb_column][et_pb_column _builder_version=\u00a0\u00bb4.19.0&Prime; _module_preset=\u00a0\u00bbdefault\u00a0\u00bb type=\u00a0\u00bb1_3&Prime;][et_pb_image _builder_version=\u00a0\u00bb4.19.0&Prime; _module_preset=\u00a0\u00bbdefault\u00a0\u00bb title_text=\u00a0\u00bbles_lauriers_roses-heringues_nailed_rock-pins\u00a0\u00bb src=\u00a0\u00bbhttps:\/\/info-lauriersroses.com\/wp-content\/uploads\/2022\/11\/les_lauriers_roses-spijkerharing_rotspennen-300&#215;225.webp\u00a0\u00bb hover_enabled=\u00a0\u00bb0&Prime; sticky_enabled=\u00a0\u00bb0&Prime;][\/et_pb_image][et_pb_text _builder_version=\u00a0\u00bb4.19.0&Prime; _module_preset=\u00a0\u00bbdefault\u00a0\u00bb text_font=\u00a0\u00bb|600|||||||\u00a0\u00bb text_font_size=\u00a0\u00bb18px\u00a0\u00bb text_orientation=\u00a0\u00bbcenter\u00a0\u00bb hover_enabled=\u00a0\u00bb0&Prime; sticky_enabled=\u00a0\u00bb0&Prime;]<\/p>\n<p>Harengs \u00e0 clous\/\u00e9pingles de roche<\/p>\n<p>[\/et_pb_text][\/et_pb_column][\/et_pb_row][\/et_pb_section]<\/p>\n","protected":false},"excerpt":{"rendered":"<p>Conseils utiles Le sol \u00e9tant assez dur, il est conseill\u00e9 d&rsquo;utiliser des chevilles \u00e0 clous. Nos branchements \u00e9lectriques : la prise bleue euro et la prise fran\u00e7aise \u00e0 2 p\u00f4les avec trou (\u00e0 emprunter \u00e0 la r\u00e9ception). March\u00e9s \u00e0 Saint Aygulf : tous les mardis et vendredis Veuillez noter que le port du bermuda ou [&hellip;]<\/p>\n","protected":false},"author":1,"featured_media":0,"parent":0,"menu_order":0,"comment_status":"closed","ping_status":"closed","template":"","meta":{"_et_pb_use_builder":"on","_et_pb_old_content":"","_et_gb_content_width":"","footnotes":""},"class_list":["post-799446","page","type-page","status-publish","hentry"],"_links":{"self":[{"href":"https:\/\/info-lauriersroses.com\/fr\/wp-json\/wp\/v2\/pages\/799446","targetHints":{"allow":["GET"]}}],"collection":[{"href":"https:\/\/info-lauriersroses.com\/fr\/wp-json\/wp\/v2\/pages"}],"about":[{"href":"https:\/\/info-lauriersroses.com\/fr\/wp-json\/wp\/v2\/types\/page"}],"author":[{"embeddable":true,"href":"https:\/\/info-lauriersroses.com\/fr\/wp-json\/wp\/v2\/users\/1"}],"replies":[{"embeddable":true,"href":"https:\/\/info-lauriersroses.com\/fr\/wp-json\/wp\/v2\/comments?post=799446"}],"version-history":[{"count":5,"href":"https:\/\/info-lauriersroses.com\/fr\/wp-json\/wp\/v2\/pages\/799446\/revisions"}],"predecessor-version":[{"id":799451,"href":"https:\/\/info-lauriersroses.com\/fr\/wp-json\/wp\/v2\/pages\/799446\/revisions\/799451"}],"wp:attachment":[{"href":"https:\/\/info-lauriersroses.com\/fr\/wp-json\/wp\/v2\/media?parent=799446"}],"curies":[{"name":"wp","href":"https:\/\/api.w.org\/{rel}","templated":true}]}}