{"id":801653,"date":"2023-01-15T16:20:28","date_gmt":"2023-01-15T15:20:28","guid":{"rendered":"https:\/\/info-lauriersroses.com\/coco-sweet-mietbedingungen-und-konditionen\/"},"modified":"2024-12-08T16:41:17","modified_gmt":"2024-12-08T15:41:17","slug":"coco-sweet-mietbedingungen-und-konditionen","status":"publish","type":"page","link":"https:\/\/info-lauriersroses.com\/de\/coco-sweet-mietbedingungen-und-konditionen\/","title":{"rendered":"Coco Sweet Mietbedingungen und Konditionen"},"content":{"rendered":"<p>[et_pb_section fb_built=&#8220;1&#8243; _builder_version=&#8220;4.19.0&#8243; width=&#8220;1080px&#8220; width_tablet=&#8220;auto&#8220; width_phone=&#8220;auto&#8220; width_last_edited=&#8220;on|phone&#8220; module_alignment=&#8220;center&#8220; custom_margin=&#8220;|0px||0px|false|false&#8220; custom_padding=&#8220;|0px||0px|false|false&#8220; global_colors_info=&#8220;{}&#8220;][et_pb_row _builder_version=&#8220;4.19.0&#8243; background_size=&#8220;initial&#8220; background_position=&#8220;top_left&#8220; background_repeat=&#8220;repeat&#8220; global_colors_info=&#8220;{}&#8220;][et_pb_column type=&#8220;4_4&#8243; _builder_version=&#8220;4.16&#8243; custom_padding=&#8220;|||&#8220; global_colors_info=&#8220;{}&#8220; custom_padding__hover=&#8220;|||&#8220;][et_pb_text _builder_version=&#8220;4.19.4&#8243; _module_preset=&#8220;default&#8220; locked=&#8220;off&#8220; global_colors_info=&#8220;{}&#8220;]<\/p>\n<h1>Mietbedingungen<\/h1>\n<ul>\n<li>Die Mindestmietdauer betr\u00e4gt 1 Woche, immer von Samstag bis Samstag.<\/li>\n<li>WiFi ist nicht im Wochenpreis enthalten.<\/li>\n<li>Das gemietete Coco Sweet steht ab 16.00 Uhr am Tag des Mietbeginns zur Verf\u00fcgung und muss am Tag der Abreise zwischen 09.00 und 10.00 Uhr ger\u00e4umt werden.<\/li>\n<li>Sie m\u00fcssen Ihre eigene Bettw\u00e4sche* und Handt\u00fccher mitbringen, obwohl es m\u00f6glich ist, Bettw\u00e4sche-\/Handtuchsets bei uns zu mieten.<\/li>\n<li>Optional: Endreinigung a \u20ac 65, wenn Sie die Coco Sweet nicht selbst reinigen m\u00f6chten.<\/li>\n<\/ul>\n<p>[\/et_pb_text][\/et_pb_column][\/et_pb_row][\/et_pb_section]<\/p>\n","protected":false},"excerpt":{"rendered":"<p>Mietbedingungen Die Mindestmietdauer betr\u00e4gt 1 Woche, immer von Samstag bis Samstag. WiFi ist nicht im Wochenpreis enthalten. Das gemietete Coco Sweet steht ab 16.00 Uhr am Tag des Mietbeginns zur Verf\u00fcgung und muss am Tag der Abreise zwischen 09.00 und 10.00 Uhr ger\u00e4umt werden. Sie m\u00fcssen Ihre eigene Bettw\u00e4sche* und Handt\u00fccher mitbringen, obwohl es m\u00f6glich [&hellip;]<\/p>\n","protected":false},"author":1,"featured_media":0,"parent":0,"menu_order":0,"comment_status":"closed","ping_status":"closed","template":"","meta":{"_et_pb_use_builder":"on","_et_pb_old_content":"","_et_gb_content_width":"","footnotes":""},"class_list":["post-801653","page","type-page","status-publish","hentry"],"_links":{"self":[{"href":"https:\/\/info-lauriersroses.com\/de\/wp-json\/wp\/v2\/pages\/801653","targetHints":{"allow":["GET"]}}],"collection":[{"href":"https:\/\/info-lauriersroses.com\/de\/wp-json\/wp\/v2\/pages"}],"about":[{"href":"https:\/\/info-lauriersroses.com\/de\/wp-json\/wp\/v2\/types\/page"}],"author":[{"embeddable":true,"href":"https:\/\/info-lauriersroses.com\/de\/wp-json\/wp\/v2\/users\/1"}],"replies":[{"embeddable":true,"href":"https:\/\/info-lauriersroses.com\/de\/wp-json\/wp\/v2\/comments?post=801653"}],"version-history":[{"count":3,"href":"https:\/\/info-lauriersroses.com\/de\/wp-json\/wp\/v2\/pages\/801653\/revisions"}],"predecessor-version":[{"id":802155,"href":"https:\/\/info-lauriersroses.com\/de\/wp-json\/wp\/v2\/pages\/801653\/revisions\/802155"}],"wp:attachment":[{"href":"https:\/\/info-lauriersroses.com\/de\/wp-json\/wp\/v2\/media?parent=801653"}],"curies":[{"name":"wp","href":"https:\/\/api.w.org\/{rel}","templated":true}]}}