{"id":801219,"date":"2023-01-14T07:43:11","date_gmt":"2023-01-14T06:43:11","guid":{"rendered":"https:\/\/lauriersroses.jtni.nl\/kontakt\/"},"modified":"2023-02-04T16:07:16","modified_gmt":"2023-02-04T15:07:16","slug":"kontakt","status":"publish","type":"page","link":"https:\/\/info-lauriersroses.com\/de\/kontakt\/","title":{"rendered":"Kontakt"},"content":{"rendered":"<p>[et_pb_section fb_built=&#8220;1&#8243; _builder_version=&#8220;4.19.0&#8243; width=&#8220;1080px&#8220; width_tablet=&#8220;auto&#8220; width_phone=&#8220;auto&#8220; width_last_edited=&#8220;on|tablet&#8220; module_alignment=&#8220;center&#8220; custom_margin=&#8220;|0px||0px|false|false&#8220; custom_padding=&#8220;|0px||0px|false|false&#8220; global_colors_info=&#8220;{}&#8220;][et_pb_row _builder_version=&#8220;4.19.0&#8243; background_size=&#8220;initial&#8220; background_position=&#8220;top_left&#8220; background_repeat=&#8220;repeat&#8220; global_colors_info=&#8220;{}&#8220;][et_pb_column type=&#8220;4_4&#8243; _builder_version=&#8220;4.16&#8243; custom_padding=&#8220;|||&#8220; global_colors_info=&#8220;{}&#8220; custom_padding__hover=&#8220;|||&#8220;][et_pb_text _builder_version=&#8220;4.19.4&#8243; _module_preset=&#8220;default&#8220; global_colors_info=&#8220;{}&#8220;]<\/p>\n<h1>Kontakt<\/h1>\n<p>[\/et_pb_text][\/et_pb_column][\/et_pb_row][et_pb_row column_structure=&#8220;2_5,3_5&#8243; _builder_version=&#8220;4.19.0&#8243; _module_preset=&#8220;default&#8220; global_colors_info=&#8220;{}&#8220;][et_pb_column type=&#8220;2_5&#8243; _builder_version=&#8220;4.19.0&#8243; _module_preset=&#8220;default&#8220; global_colors_info=&#8220;{}&#8220;][et_pb_text _builder_version=&#8220;4.19.4&#8243; _module_preset=&#8220;default&#8220; link_text_color=&#8220;#763F83&#8243; global_colors_info=&#8220;{}&#8220;]<\/p>\n<p><strong>Camping Les Lauriers Roses<\/strong><br \/>D7, Route de Roquebrune<br \/>83370 St. Aygulf<br \/>Frankreich<\/p>\n<p>+33 625 010 111<\/p>\n<p>tel. +33 975 812 931<br \/><a href=\"mailto:camping@info-lauriersroses.com\">camping@info-lauriersroses.com<\/a><\/p>\n<p>[\/et_pb_text][\/et_pb_column][et_pb_column type=&#8220;3_5&#8243; _builder_version=&#8220;4.19.0&#8243; _module_preset=&#8220;default&#8220; global_colors_info=&#8220;{}&#8220;][et_pb_map address=&#8220;83370 Fr\u00e9jus, Frankrijk&#8220; zoom_level=&#8220;15&#8243; address_lat=&#8220;43.406919090986&#8243; address_lng=&#8220;6.706533566626&#8243; _builder_version=&#8220;4.19.4&#8243; _module_preset=&#8220;default&#8220; global_colors_info=&#8220;{}&#8220;][et_pb_map_pin title=&#8220;Camping Les Lauriers Roses&#8220; pin_address=&#8220;Camping Les Lauriers Roses, 240 Rd7 Route de Roquebrune, 83370 Fr\u00e9jus, Frankrijk&#8220; zoom_level=&#8220;17&#8243; pin_address_lat=&#8220;43.406979&#8243; pin_address_lng=&#8220;6.7093109&#8243; _builder_version=&#8220;4.19.4&#8243; _module_preset=&#8220;default&#8220; global_colors_info=&#8220;{}&#8220;][\/et_pb_map_pin][\/et_pb_map][\/et_pb_column][\/et_pb_row][et_pb_row column_structure=&#8220;3_5,2_5&#8243; _builder_version=&#8220;4.19.4&#8243; _module_preset=&#8220;default&#8220; global_colors_info=&#8220;{}&#8220;][et_pb_column type=&#8220;3_5&#8243; _builder_version=&#8220;4.19.4&#8243; _module_preset=&#8220;default&#8220; global_colors_info=&#8220;{}&#8220;][et_pb_contact_form use_spam_service=&#8220;on&#8220; recaptcha_list=&#8220;leslauriersrosescom|leslauriersrosescom-0&#8243; email=&#8220;camping@info-lauriersroses.com&#8220; submit_button_text=&#8220;Versand&#8220; _builder_version=&#8220;4.19.5&#8243; _module_preset=&#8220;default&#8220; _unique_id=&#8220;ff81163b-a050-4977-a79e-7160e20a49dd&#8220; hover_enabled=&#8220;0&#8243; global_colors_info=&#8220;{}&#8220; sticky_enabled=&#8220;0&#8243;][et_pb_contact_field field_id=&#8220;Naam&#8220; field_title=&#8220;Name&#8220; _builder_version=&#8220;4.19.4&#8243; global_colors_info=&#8220;{}&#8220; button_text_size__hover_enabled=&#8220;off&#8220; button_one_text_size__hover_enabled=&#8220;off&#8220; button_two_text_size__hover_enabled=&#8220;off&#8220; button_text_color__hover_enabled=&#8220;off&#8220; button_one_text_color__hover_enabled=&#8220;off&#8220; button_two_text_color__hover_enabled=&#8220;off&#8220; button_border_width__hover_enabled=&#8220;off&#8220; button_one_border_width__hover_enabled=&#8220;off&#8220; button_two_border_width__hover_enabled=&#8220;off&#8220; button_border_color__hover_enabled=&#8220;off&#8220; button_one_border_color__hover_enabled=&#8220;off&#8220; button_two_border_color__hover_enabled=&#8220;off&#8220; button_border_radius__hover_enabled=&#8220;off&#8220; button_one_border_radius__hover_enabled=&#8220;off&#8220; button_two_border_radius__hover_enabled=&#8220;off&#8220; button_letter_spacing__hover_enabled=&#8220;off&#8220; button_one_letter_spacing__hover_enabled=&#8220;off&#8220; button_two_letter_spacing__hover_enabled=&#8220;off&#8220; button_bg_color__hover_enabled=&#8220;off&#8220; button_one_bg_color__hover_enabled=&#8220;off&#8220; button_two_bg_color__hover_enabled=&#8220;off&#8220;][\/et_pb_contact_field][et_pb_contact_field field_id=&#8220;Email&#8220; field_title=&#8220;E-Mail Adresse&#8220; field_type=&#8220;email&#8220; _builder_version=&#8220;4.16&#8243; global_colors_info=&#8220;{}&#8220; button_text_size__hover_enabled=&#8220;off&#8220; button_one_text_size__hover_enabled=&#8220;off&#8220; button_two_text_size__hover_enabled=&#8220;off&#8220; button_text_color__hover_enabled=&#8220;off&#8220; button_one_text_color__hover_enabled=&#8220;off&#8220; button_two_text_color__hover_enabled=&#8220;off&#8220; button_border_width__hover_enabled=&#8220;off&#8220; button_one_border_width__hover_enabled=&#8220;off&#8220; button_two_border_width__hover_enabled=&#8220;off&#8220; button_border_color__hover_enabled=&#8220;off&#8220; button_one_border_color__hover_enabled=&#8220;off&#8220; button_two_border_color__hover_enabled=&#8220;off&#8220; button_border_radius__hover_enabled=&#8220;off&#8220; button_one_border_radius__hover_enabled=&#8220;off&#8220; button_two_border_radius__hover_enabled=&#8220;off&#8220; button_letter_spacing__hover_enabled=&#8220;off&#8220; button_one_letter_spacing__hover_enabled=&#8220;off&#8220; button_two_letter_spacing__hover_enabled=&#8220;off&#8220; button_bg_color__hover_enabled=&#8220;off&#8220; button_one_bg_color__hover_enabled=&#8220;off&#8220; button_two_bg_color__hover_enabled=&#8220;off&#8220;][\/et_pb_contact_field][et_pb_contact_field field_id=&#8220;Onderwerp&#8220; field_title=&#8220;Thema&#8220; field_type=&#8220;select&#8220; select_options=&#8220;%91{%22value%22:%22Buchung%22,%22checked%22:0,%22dragID%22:-1},{%22dragID%22:0,%22value%22:%22Preise%22,%22checked%22:0},{%22value%22:%22Ansonsten%22,%22checked%22:0,%22dragID%22:1}%93&#8243; fullwidth_field=&#8220;on&#8220; _builder_version=&#8220;4.19.4&#8243; _module_preset=&#8220;default&#8220; global_colors_info=&#8220;{}&#8220;][\/et_pb_contact_field][et_pb_contact_field field_id=&#8220;Bericht&#8220; field_title=&#8220;Nachricht&#8220; field_type=&#8220;text&#8220; fullwidth_field=&#8220;on&#8220; _builder_version=&#8220;4.19.4&#8243; global_colors_info=&#8220;{}&#8220; button_text_size__hover_enabled=&#8220;off&#8220; button_one_text_size__hover_enabled=&#8220;off&#8220; button_two_text_size__hover_enabled=&#8220;off&#8220; button_text_color__hover_enabled=&#8220;off&#8220; button_one_text_color__hover_enabled=&#8220;off&#8220; button_two_text_color__hover_enabled=&#8220;off&#8220; button_border_width__hover_enabled=&#8220;off&#8220; button_one_border_width__hover_enabled=&#8220;off&#8220; button_two_border_width__hover_enabled=&#8220;off&#8220; button_border_color__hover_enabled=&#8220;off&#8220; button_one_border_color__hover_enabled=&#8220;off&#8220; button_two_border_color__hover_enabled=&#8220;off&#8220; button_border_radius__hover_enabled=&#8220;off&#8220; button_one_border_radius__hover_enabled=&#8220;off&#8220; button_two_border_radius__hover_enabled=&#8220;off&#8220; button_letter_spacing__hover_enabled=&#8220;off&#8220; button_one_letter_spacing__hover_enabled=&#8220;off&#8220; button_two_letter_spacing__hover_enabled=&#8220;off&#8220; button_bg_color__hover_enabled=&#8220;off&#8220; button_one_bg_color__hover_enabled=&#8220;off&#8220; button_two_bg_color__hover_enabled=&#8220;off&#8220;][\/et_pb_contact_field][\/et_pb_contact_form][\/et_pb_column][et_pb_column type=&#8220;2_5&#8243; _builder_version=&#8220;4.19.4&#8243; _module_preset=&#8220;default&#8220; global_colors_info=&#8220;{}&#8220;][et_pb_text _builder_version=&#8220;4.19.4&#8243; _module_preset=&#8220;default&#8220; text_text_color=&#8220;#000000&#8243; text_font_size=&#8220;12px&#8220; text_line_height=&#8220;1.5em&#8220; header_3_font=&#8220;|600|||||||&#8220; header_3_text_color=&#8220;#ff000c&#8220; header_3_font_size=&#8220;14px&#8220; global_colors_info=&#8220;{}&#8220;]<\/p>\n<h3>Achtung<\/h3>\n<p>Wenn Sie <strong>hotmail.com, outlook.com, live.com oder msn.com <\/strong>verwenden, ist es m\u00f6glich, dass unsere Antwort auf Ihre Reservierung oder Frage automatisch in Ihrem Spam-Ordner landet (als unerw\u00fcnschte Nachricht). \u00dcberpr\u00fcfen Sie also bitte auch Ihren Spam-Ordner, wenn es Ihnen zu lange dauert, bis Sie eine Antwort erhalten, oder verwenden Sie gegebenenfalls eine andere E-Mail-Adresse.<\/p>\n<p>Wir entschuldigen uns f\u00fcr etwaige Unannehmlichkeiten.<\/p>\n<p>[\/et_pb_text][\/et_pb_column][\/et_pb_row][\/et_pb_section]<\/p>\n","protected":false},"excerpt":{"rendered":"<p>KontaktCamping Les Lauriers RosesD7, Route de Roquebrune83370 St. AygulfFrankreich +33 625 010 111 tel. +33 975 812 931camping@info-lauriersroses.comAchtung Wenn Sie hotmail.com, outlook.com, live.com oder msn.com verwenden, ist es m\u00f6glich, dass unsere Antwort auf Ihre Reservierung oder Frage automatisch in Ihrem Spam-Ordner landet (als unerw\u00fcnschte Nachricht). \u00dcberpr\u00fcfen Sie also bitte auch Ihren Spam-Ordner, wenn es Ihnen [&hellip;]<\/p>\n","protected":false},"author":1,"featured_media":0,"parent":0,"menu_order":0,"comment_status":"closed","ping_status":"closed","template":"","meta":{"_et_pb_use_builder":"on","_et_pb_old_content":"<IFRAME scrolling=\"no\" style=\"border: none; overflow-x: hidden; overflow-Y: hidden;\" SRC=\"https:\/\/www.onsite360.nl\/campingview360\/lauriersroses2021\/index.html\" WIDTH=\"107%\" HEIGHT=\"660\">\r\n                    De browser ondersteunt geen inline frames. \r\n                    <a HREF=\"https:\/\/www.onsite360.nl\/campingview360\/lauriersroses2021\/index.html\" TARGET=\"_blank\">inhoud<\/A>\r\n                    Klik hier voor een nieuw venster.\r\n                <\/IFRAME>","_et_gb_content_width":"","footnotes":""},"class_list":["post-801219","page","type-page","status-publish","hentry"],"_links":{"self":[{"href":"https:\/\/info-lauriersroses.com\/de\/wp-json\/wp\/v2\/pages\/801219","targetHints":{"allow":["GET"]}}],"collection":[{"href":"https:\/\/info-lauriersroses.com\/de\/wp-json\/wp\/v2\/pages"}],"about":[{"href":"https:\/\/info-lauriersroses.com\/de\/wp-json\/wp\/v2\/types\/page"}],"author":[{"embeddable":true,"href":"https:\/\/info-lauriersroses.com\/de\/wp-json\/wp\/v2\/users\/1"}],"replies":[{"embeddable":true,"href":"https:\/\/info-lauriersroses.com\/de\/wp-json\/wp\/v2\/comments?post=801219"}],"version-history":[{"count":9,"href":"https:\/\/info-lauriersroses.com\/de\/wp-json\/wp\/v2\/pages\/801219\/revisions"}],"predecessor-version":[{"id":801268,"href":"https:\/\/info-lauriersroses.com\/de\/wp-json\/wp\/v2\/pages\/801219\/revisions\/801268"}],"wp:attachment":[{"href":"https:\/\/info-lauriersroses.com\/de\/wp-json\/wp\/v2\/media?parent=801219"}],"curies":[{"name":"wp","href":"https:\/\/api.w.org\/{rel}","templated":true}]}}