{"id":799690,"date":"2023-01-13T09:57:32","date_gmt":"2023-01-13T08:57:32","guid":{"rendered":"https:\/\/lauriersroses.jtni.nl\/?page_id=799690"},"modified":"2023-01-19T14:50:40","modified_gmt":"2023-01-19T13:50:40","slug":"annullierungskosten","status":"publish","type":"page","link":"https:\/\/info-lauriersroses.com\/de\/annullierungskosten\/","title":{"rendered":"Annullierungskosten"},"content":{"rendered":"<p>[et_pb_section fb_built=&#8220;1&#8243; _builder_version=&#8220;4.19.0&#8243; width=&#8220;1080px&#8220; width_tablet=&#8220;auto&#8220; width_phone=&#8220;auto&#8220; width_last_edited=&#8220;on|phone&#8220; module_alignment=&#8220;center&#8220; custom_margin=&#8220;|0px||0px|false|false&#8220; custom_padding=&#8220;|0px||0px|false|false&#8220; global_colors_info=&#8220;{}&#8220;][et_pb_row _builder_version=&#8220;4.19.0&#8243; background_size=&#8220;initial&#8220; background_position=&#8220;top_left&#8220; background_repeat=&#8220;repeat&#8220; global_colors_info=&#8220;{}&#8220;][et_pb_column type=&#8220;4_4&#8243; _builder_version=&#8220;4.16&#8243; custom_padding=&#8220;|||&#8220; global_colors_info=&#8220;{}&#8220; custom_padding__hover=&#8220;|||&#8220;][et_pb_text _builder_version=&#8220;4.19.4&#8243; _module_preset=&#8220;default&#8220; hover_enabled=&#8220;0&#8243; locked=&#8220;off&#8220; global_colors_info=&#8220;{}&#8220; sticky_enabled=&#8220;0&#8243;]<\/p>\n<h1 class=\"rose\">Annullierungskosten<\/h1>\n<p>Bei Annullierung bis 6 Wochen vor Anfang der Miete ist 25% der Miete verschuldigt,ist die Annullierung innerhalb 6 Wochen vor Mietanfang dann verf\u00e4llt die g\u00e4nzliche Miete und die Spesen.<\/p>\n<p>Eine eventuelle R\u00fccktrittskostenversicherung soll von dem Mieter selber angegangen werden<\/p>\n<p>[\/et_pb_text][\/et_pb_column][\/et_pb_row][\/et_pb_section]<\/p>\n","protected":false},"excerpt":{"rendered":"<p>Annullierungskosten Bei Annullierung bis 6 Wochen vor Anfang der Miete ist 25% der Miete verschuldigt,ist die Annullierung innerhalb 6 Wochen vor Mietanfang dann verf\u00e4llt die g\u00e4nzliche Miete und die Spesen. Eine eventuelle R\u00fccktrittskostenversicherung soll von dem Mieter selber angegangen werden<\/p>\n","protected":false},"author":1,"featured_media":0,"parent":0,"menu_order":0,"comment_status":"closed","ping_status":"closed","template":"","meta":{"_et_pb_use_builder":"on","_et_pb_old_content":"<p>[et_pb_section fb_built=\"1\" _builder_version=\"4.19.0\" width=\"1080px\" width_tablet=\"auto\" width_phone=\"auto\" width_last_edited=\"on|phone\" module_alignment=\"center\" custom_margin=\"|0px||0px|false|false\" custom_padding=\"|0px||0px|false|false\" global_colors_info=\"{}\"][et_pb_row _builder_version=\"4.19.0\" background_size=\"initial\" background_position=\"top_left\" background_repeat=\"repeat\" global_colors_info=\"{}\"][et_pb_column type=\"4_4\" _builder_version=\"4.16\" custom_padding=\"|||\" global_colors_info=\"{}\" custom_padding__hover=\"|||\"][et_pb_text _builder_version=\"4.19.4\" _module_preset=\"default\" locked=\"off\" global_colors_info=\"{}\"]<\/p><h1 class=\"rose\">Annuleringskosten<\/h1><p>De annuleringskosten bedragen 25% van het huurbedrag indien de annulering 6 weken of eerder voor de geboekte periode plaats vindt.\u00a0Bij annulering binnen 6 weken voor de huurperiode vervalt de gehele betaling. In beide gevallen dient de annulering per aangetekende brief of e-mail te geschieden.\u00a0U kunt zelf voor een eventuele annuleringsverzekering zorgen.<\/p><p>Wij raden u aan een verzekering af te sluiten om te profiteren van de terugbetaling bij een annulering. In geval van annulering of onderbreking van het verblijf is Les Lauriers Roses niet verantwoordelijk. Daarom zal een annulering uwerzijds of onderbreking van uw verblijf geen aanleiding zijn tot enige vorm van terugbetaling door Les Lauriers Roses.<\/p><p>[\/et_pb_text][\/et_pb_column][\/et_pb_row][\/et_pb_section]<\/p>","_et_gb_content_width":"","footnotes":""},"class_list":["post-799690","page","type-page","status-publish","hentry"],"_links":{"self":[{"href":"https:\/\/info-lauriersroses.com\/de\/wp-json\/wp\/v2\/pages\/799690","targetHints":{"allow":["GET"]}}],"collection":[{"href":"https:\/\/info-lauriersroses.com\/de\/wp-json\/wp\/v2\/pages"}],"about":[{"href":"https:\/\/info-lauriersroses.com\/de\/wp-json\/wp\/v2\/types\/page"}],"author":[{"embeddable":true,"href":"https:\/\/info-lauriersroses.com\/de\/wp-json\/wp\/v2\/users\/1"}],"replies":[{"embeddable":true,"href":"https:\/\/info-lauriersroses.com\/de\/wp-json\/wp\/v2\/comments?post=799690"}],"version-history":[{"count":3,"href":"https:\/\/info-lauriersroses.com\/de\/wp-json\/wp\/v2\/pages\/799690\/revisions"}],"predecessor-version":[{"id":799705,"href":"https:\/\/info-lauriersroses.com\/de\/wp-json\/wp\/v2\/pages\/799690\/revisions\/799705"}],"wp:attachment":[{"href":"https:\/\/info-lauriersroses.com\/de\/wp-json\/wp\/v2\/media?parent=799690"}],"curies":[{"name":"wp","href":"https:\/\/api.w.org\/{rel}","templated":true}]}}