{"id":799452,"date":"2022-11-26T08:24:00","date_gmt":"2022-11-26T07:24:00","guid":{"rendered":"https:\/\/lauriersroses.jtni.nl\/nuetzliche-tipps\/"},"modified":"2023-01-16T15:38:19","modified_gmt":"2023-01-16T14:38:19","slug":"nuetzliche-tipps","status":"publish","type":"page","link":"https:\/\/info-lauriersroses.com\/de\/nuetzliche-tipps\/","title":{"rendered":"N\u00fctzliche Tipps"},"content":{"rendered":"<p>[et_pb_section fb_built=&#8220;1&#8243; _builder_version=&#8220;4.19.0&#8243; width=&#8220;1080px&#8220; width_tablet=&#8220;auto&#8220; width_phone=&#8220;auto&#8220; width_last_edited=&#8220;on|tablet&#8220; module_alignment=&#8220;center&#8220; custom_margin=&#8220;|0px||0px|false|false&#8220; custom_padding=&#8220;|0px||0px|false|false&#8220; global_colors_info=&#8220;{}&#8220;][et_pb_row _builder_version=&#8220;4.19.0&#8243; background_size=&#8220;initial&#8220; background_position=&#8220;top_left&#8220; background_repeat=&#8220;repeat&#8220; global_colors_info=&#8220;{}&#8220;][et_pb_column type=&#8220;4_4&#8243; _builder_version=&#8220;4.16&#8243; custom_padding=&#8220;|||&#8220; global_colors_info=&#8220;{}&#8220; custom_padding__hover=&#8220;|||&#8220;][et_pb_text admin_label=&#8220;Titel&#8220; _builder_version=&#8220;4.19.0&#8243; _module_preset=&#8220;default&#8220; global_colors_info=&#8220;{}&#8220;]<\/p>\n<h1 class=\"rose\">N\u00fctzliche Tipps<\/h1>\n<p>[\/et_pb_text][et_pb_text _builder_version=&#8220;4.19.0&#8243; _module_preset=&#8220;default&#8220; global_colors_info=&#8220;{}&#8220;]<\/p>\n<ul>\n<li>Da der Boden recht hart ist, ist es ratsam, N\u00e4gel zu verwenden.  <\/li>\n<li>Unsere Stromanschl\u00fcsse: der blaue Eurostecker und der franz\u00f6sische 2-polige Stecker mit Loch (diese k\u00f6nnen auch an der Rezeption ausgeliehen werden)  <\/li>\n<li>M\u00e4rkte in Saint Aygulf: jeden Dienstag und Freitag  <\/li>\n<li>Bitte beachten Sie, dass das Tragen von Bermudashorts oder Boxershorts im Schwimmbadbereich nicht gestattet ist und dass die Verwendung von Holzkohle und\/oder elektrischen Grills auf dem Campingplatz verboten ist.<\/li>\n<\/ul>\n<p>[\/et_pb_text][\/et_pb_column][\/et_pb_row][et_pb_row _builder_version=&#8220;4.19.0&#8243; _module_preset=&#8220;default&#8220; column_structure=&#8220;1_3,1_3,1_3&#8243;][et_pb_column _builder_version=&#8220;4.19.0&#8243; _module_preset=&#8220;default&#8220; type=&#8220;1_3&#8243;][et_pb_image _builder_version=&#8220;4.19.0&#8243; _module_preset=&#8220;default&#8220; hover_enabled=&#8220;0&#8243; sticky_enabled=&#8220;0&#8243; title_text=&#8220;les_lauriers_roses europlug&#8220; src=&#8220;https:\/\/info-lauriersroses.com\/wp-content\/uploads\/2022\/11\/les_lauriers_roses-eurostekker-300&#215;206.jpeg&#8220; admin_label=&#8220;eurostekker&#8220;][\/et_pb_image][et_pb_text _builder_version=&#8220;4.19.0&#8243; _module_preset=&#8220;default&#8220; text_font=&#8220;|600|||||||&#8220; text_font_size=&#8220;18px&#8220; text_orientation=&#8220;center&#8220; hover_enabled=&#8220;0&#8243; sticky_enabled=&#8220;0&#8243;]<\/p>\n<p>Euro-Stecker<\/p>\n<p>[\/et_pb_text][\/et_pb_column][et_pb_column _builder_version=&#8220;4.19.0&#8243; _module_preset=&#8220;default&#8220; type=&#8220;1_3&#8243;][et_pb_image _builder_version=&#8220;4.19.0&#8243; _module_preset=&#8220;default&#8220; title_text=&#8220;les_lauriers_roses-french-plug&#8220; src=&#8220;https:\/\/info-lauriersroses.com\/wp-content\/uploads\/2022\/11\/les_lauriers_roses-franse-stekker-300&#215;300.jpeg&#8220; hover_enabled=&#8220;0&#8243; sticky_enabled=&#8220;0&#8243;][\/et_pb_image][et_pb_text _builder_version=&#8220;4.19.0&#8243; _module_preset=&#8220;default&#8220; text_font=&#8220;|600|||||||&#8220; text_font_size=&#8220;18px&#8220; text_orientation=&#8220;center&#8220; hover_enabled=&#8220;0&#8243; sticky_enabled=&#8220;0&#8243;]<\/p>\n<p>Franz\u00f6sischer Stecker<\/p>\n<p>[\/et_pb_text][\/et_pb_column][et_pb_column _builder_version=&#8220;4.19.0&#8243; _module_preset=&#8220;default&#8220; type=&#8220;1_3&#8243;][et_pb_image _builder_version=&#8220;4.19.0&#8243; _module_preset=&#8220;default&#8220; title_text=&#8220;les_lauriers_roses-nailed-herring_rock-pins&#8220; src=&#8220;https:\/\/info-lauriersroses.com\/wp-content\/uploads\/2022\/11\/les_lauriers_roses-spijkerharing_rotspennen-300&#215;225.webp&#8220; hover_enabled=&#8220;0&#8243; sticky_enabled=&#8220;0&#8243;][\/et_pb_image][et_pb_text _builder_version=&#8220;4.19.0&#8243; _module_preset=&#8220;default&#8220; text_font=&#8220;|600|||||||&#8220; text_font_size=&#8220;18px&#8220; text_orientation=&#8220;center&#8220; hover_enabled=&#8220;0&#8243; sticky_enabled=&#8220;0&#8243;]<\/p>\n<p>Nagelheringe\/Felsenstifte<\/p>\n<p>[\/et_pb_text][\/et_pb_column][\/et_pb_row][\/et_pb_section]<\/p>\n","protected":false},"excerpt":{"rendered":"<p>N\u00fctzliche Tipps Da der Boden recht hart ist, ist es ratsam, N\u00e4gel zu verwenden. Unsere Stromanschl\u00fcsse: der blaue Eurostecker und der franz\u00f6sische 2-polige Stecker mit Loch (diese k\u00f6nnen auch an der Rezeption ausgeliehen werden) M\u00e4rkte in Saint Aygulf: jeden Dienstag und Freitag Bitte beachten Sie, dass das Tragen von Bermudashorts oder Boxershorts im Schwimmbadbereich nicht [&hellip;]<\/p>\n","protected":false},"author":1,"featured_media":0,"parent":0,"menu_order":0,"comment_status":"closed","ping_status":"closed","template":"","meta":{"_et_pb_use_builder":"on","_et_pb_old_content":"","_et_gb_content_width":"","footnotes":""},"class_list":["post-799452","page","type-page","status-publish","hentry"],"_links":{"self":[{"href":"https:\/\/info-lauriersroses.com\/de\/wp-json\/wp\/v2\/pages\/799452","targetHints":{"allow":["GET"]}}],"collection":[{"href":"https:\/\/info-lauriersroses.com\/de\/wp-json\/wp\/v2\/pages"}],"about":[{"href":"https:\/\/info-lauriersroses.com\/de\/wp-json\/wp\/v2\/types\/page"}],"author":[{"embeddable":true,"href":"https:\/\/info-lauriersroses.com\/de\/wp-json\/wp\/v2\/users\/1"}],"replies":[{"embeddable":true,"href":"https:\/\/info-lauriersroses.com\/de\/wp-json\/wp\/v2\/comments?post=799452"}],"version-history":[{"count":5,"href":"https:\/\/info-lauriersroses.com\/de\/wp-json\/wp\/v2\/pages\/799452\/revisions"}],"predecessor-version":[{"id":799457,"href":"https:\/\/info-lauriersroses.com\/de\/wp-json\/wp\/v2\/pages\/799452\/revisions\/799457"}],"wp:attachment":[{"href":"https:\/\/info-lauriersroses.com\/de\/wp-json\/wp\/v2\/media?parent=799452"}],"curies":[{"name":"wp","href":"https:\/\/api.w.org\/{rel}","templated":true}]}}