{"id":799440,"date":"2023-01-13T08:12:27","date_gmt":"2023-01-13T07:12:27","guid":{"rendered":"https:\/\/lauriersroses.jtni.nl\/unsere-mobilheime\/"},"modified":"2023-01-16T15:36:53","modified_gmt":"2023-01-16T14:36:53","slug":"unsere-mobilheime","status":"publish","type":"page","link":"https:\/\/info-lauriersroses.com\/de\/unsere-mobilheime\/","title":{"rendered":"Unsere Mobilheime"},"content":{"rendered":"<p>[et_pb_section fb_built=&#8220;1&#8243; _builder_version=&#8220;4.19.0&#8243; width=&#8220;1080px&#8220; width_tablet=&#8220;auto&#8220; width_phone=&#8220;auto&#8220; width_last_edited=&#8220;on|tablet&#8220; module_alignment=&#8220;center&#8220; custom_margin=&#8220;|0px||0px|false|false&#8220; custom_padding=&#8220;|0px||0px|false|false&#8220; global_colors_info=&#8220;{}&#8220;][et_pb_row _builder_version=&#8220;4.19.0&#8243; background_size=&#8220;initial&#8220; background_position=&#8220;top_left&#8220; background_repeat=&#8220;repeat&#8220; global_colors_info=&#8220;{}&#8220;][et_pb_column type=&#8220;4_4&#8243; _builder_version=&#8220;4.16&#8243; custom_padding=&#8220;|||&#8220; global_colors_info=&#8220;{}&#8220; custom_padding__hover=&#8220;|||&#8220;][et_pb_text admin_label=&#8220;Titel&#8220; _builder_version=&#8220;4.19.4&#8243; _module_preset=&#8220;default&#8220; global_colors_info=&#8220;{}&#8220;]<\/p>\n<h1 class=\"rose\">Unsere Mobilheime<\/h1>\n<p>[\/et_pb_text][\/et_pb_column][\/et_pb_row][et_pb_row column_structure=&#8220;1_3,1_3,1_3&#8243; use_custom_gutter=&#8220;on&#8220; gutter_width=&#8220;2&#8243; _builder_version=&#8220;4.19.4&#8243; _module_preset=&#8220;default&#8220; hover_enabled=&#8220;0&#8243; global_colors_info=&#8220;{}&#8220; make_equal=&#8220;on&#8220; sticky_enabled=&#8220;0&#8243;][et_pb_column type=&#8220;1_3&#8243; _builder_version=&#8220;4.19.0&#8243; _module_preset=&#8220;default&#8220; global_colors_info=&#8220;{}&#8220;][et_pb_blurb title=&#8220;Super Venus&#8220; url=&#8220;@ET-DC@eyJkeW5hbWljIjp0cnVlLCJjb250ZW50IjoicG9zdF9saW5rX3VybF9wYWdlIiwic2V0dGluZ3MiOnsicG9zdF9pZCI6IjE5MCJ9fQ==@&#8220; image=&#8220;https:\/\/info-lauriersroses.com\/wp-content\/uploads\/2022\/11\/les_lauriers_roses-super-venus-3.jpeg&#8220; admin_label=&#8220;Super Venus&#8220; _builder_version=&#8220;4.19.4&#8243; _dynamic_attributes=&#8220;url&#8220; _module_preset=&#8220;default&#8220; header_level=&#8220;h3&#8243; header_font=&#8220;|600|||||||&#8220; header_text_color=&#8220;#763F83&#8243; header_font_size=&#8220;25px&#8220; body_text_color=&#8220;#000000&#8243; body_line_height=&#8220;1.2em&#8220; custom_padding=&#8220;6px|6px|6px|6px|false|false&#8220; border_radii=&#8220;on|1px|1px|1px|1px&#8220; border_width_all=&#8220;1px&#8220; border_color_all=&#8220;#763F83&#8243; global_colors_info=&#8220;{}&#8220; background__hover_enabled=&#8220;on|hover&#8220; background_color__hover=&#8220;rgba(118,63,131,0.2)&#8220; background_enable_color__hover=&#8220;on&#8220;]<\/p>\n<div>Maximal 4 Personen<\/div>\n<div>Oberfl\u00e4che: 23M2<\/div>\n<div> <\/div>\n<div><strong style=\"color: #763f83;\">von \u20ac 370,- p\/w<\/strong><\/div>\n<p>[\/et_pb_blurb][\/et_pb_column][et_pb_column type=&#8220;1_3&#8243; _builder_version=&#8220;4.19.0&#8243; _module_preset=&#8220;default&#8220; global_colors_info=&#8220;{}&#8220;][et_pb_blurb title=&#8220;EVO 20&#8243; url=&#8220;@ET-DC@eyJkeW5hbWljIjp0cnVlLCJjb250ZW50IjoicG9zdF9saW5rX3VybF9wYWdlIiwic2V0dGluZ3MiOnsicG9zdF9pZCI6IjQ3MCJ9fQ==@&#8220; image=&#8220;https:\/\/info-lauriersroses.com\/wp-content\/uploads\/2023\/01\/image-1.jpeg&#8220; admin_label=&#8220;EVO 20&#8243; _builder_version=&#8220;4.19.4&#8243; _dynamic_attributes=&#8220;url&#8220; _module_preset=&#8220;default&#8220; header_level=&#8220;h3&#8243; header_font=&#8220;|600|||||||&#8220; header_text_color=&#8220;#763F83&#8243; header_font_size=&#8220;25px&#8220; body_text_color=&#8220;#000000&#8243; body_line_height=&#8220;1.2em&#8220; custom_padding=&#8220;6px|6px|6px|6px|false|false&#8220; border_radii=&#8220;on|1px|1px|1px|1px&#8220; border_width_all=&#8220;1px&#8220; border_color_all=&#8220;#763F83&#8243; global_colors_info=&#8220;{}&#8220; background__hover_enabled=&#8220;on|hover&#8220; background_color__hover=&#8220;rgba(118,63,131,0.2)&#8220; background_enable_color__hover=&#8220;on&#8220;]<\/p>\n<div>Maximal 4 Personen<\/div>\n<div>Oberfl\u00e4che: 20M2<\/div>\n<div> <\/div>\n<div><strong style=\"color: #763f83;\">von \u20ac 380,- p\/w<\/strong><\/div>\n<p>[\/et_pb_blurb][\/et_pb_column][et_pb_column type=&#8220;1_3&#8243; _builder_version=&#8220;4.19.0&#8243; _module_preset=&#8220;default&#8220; global_colors_info=&#8220;{}&#8220;][et_pb_blurb title=&#8220;Altair&#8220; url=&#8220;@ET-DC@eyJkeW5hbWljIjp0cnVlLCJjb250ZW50IjoicG9zdF9saW5rX3VybF9wYWdlIiwic2V0dGluZ3MiOnsicG9zdF9pZCI6IjUxMSJ9fQ==@&#8220; image=&#8220;https:\/\/info-lauriersroses.com\/wp-content\/uploads\/2023\/01\/image-4.jpeg&#8220; admin_label=&#8220;Altair&#8220; _builder_version=&#8220;4.19.4&#8243; _dynamic_attributes=&#8220;url&#8220; _module_preset=&#8220;default&#8220; header_level=&#8220;h3&#8243; header_font=&#8220;|600|||||||&#8220; header_text_color=&#8220;#763F83&#8243; header_font_size=&#8220;25px&#8220; body_text_color=&#8220;#000000&#8243; body_line_height=&#8220;1.2em&#8220; custom_padding=&#8220;6px|6px|6px|6px|false|false&#8220; border_radii=&#8220;on|1px|1px|1px|1px&#8220; border_width_all=&#8220;1px&#8220; border_color_all=&#8220;#763F83&#8243; global_colors_info=&#8220;{}&#8220; background__hover_enabled=&#8220;on|hover&#8220; background_color__hover=&#8220;rgba(118,63,131,0.2)&#8220; background_enable_color__hover=&#8220;on&#8220;]<\/p>\n<div>Maximal 6 Personen<\/div>\n<div>Oberfl\u00e4che: 25M2<\/div>\n<div> <\/div>\n<div><strong style=\"color: #763f83;\">ab \u20ac 400,- p\/w<\/strong><\/div>\n<p>[\/et_pb_blurb][\/et_pb_column][\/et_pb_row][et_pb_row column_structure=&#8220;1_3,1_3,1_3&#8243; use_custom_gutter=&#8220;on&#8220; gutter_width=&#8220;2&#8243; _builder_version=&#8220;4.19.4&#8243; _module_preset=&#8220;default&#8220; custom_margin=&#8220;||||false|false&#8220; custom_padding=&#8220;0px||||false|false&#8220; hover_enabled=&#8220;0&#8243; global_colors_info=&#8220;{}&#8220; make_equal=&#8220;on&#8220; sticky_enabled=&#8220;0&#8243;][et_pb_column type=&#8220;1_3&#8243; _builder_version=&#8220;4.19.0&#8243; _module_preset=&#8220;default&#8220; global_colors_info=&#8220;{}&#8220;][et_pb_blurb title=&#8220;EVO 24&#8243; url=&#8220;@ET-DC@eyJkeW5hbWljIjp0cnVlLCJjb250ZW50IjoicG9zdF9saW5rX3VybF9wYWdlIiwic2V0dGluZ3MiOnsicG9zdF9pZCI6IjUzOSJ9fQ==@&#8220; image=&#8220;https:\/\/info-lauriersroses.com\/wp-content\/uploads\/2023\/01\/image-28.jpeg&#8220; admin_label=&#8220;EVO 24&#8243; _builder_version=&#8220;4.19.4&#8243; _dynamic_attributes=&#8220;url&#8220; _module_preset=&#8220;default&#8220; header_level=&#8220;h3&#8243; header_font=&#8220;|600|||||||&#8220; header_text_color=&#8220;#763F83&#8243; header_font_size=&#8220;25px&#8220; body_text_color=&#8220;#000000&#8243; body_line_height=&#8220;1.2em&#8220; custom_padding=&#8220;6px|6px|6px|6px|false|false&#8220; border_radii=&#8220;on|1px|1px|1px|1px&#8220; border_width_all=&#8220;1px&#8220; border_color_all=&#8220;#763F83&#8243; global_colors_info=&#8220;{}&#8220; background__hover_enabled=&#8220;on|hover&#8220; background_color__hover=&#8220;rgba(118,63,131,0.2)&#8220; background_enable_color__hover=&#8220;on&#8220;]<\/p>\n<div>Maximal 4 Personen<\/div>\n<div>Oberfl\u00e4che: 24M2<\/div>\n<div> <\/div>\n<div><strong style=\"color: #763f83;\">von \u20ac 390,- p\/w<\/strong><\/div>\n<p>[\/et_pb_blurb][\/et_pb_column][et_pb_column type=&#8220;1_3&#8243; _builder_version=&#8220;4.19.0&#8243; _module_preset=&#8220;default&#8220; global_colors_info=&#8220;{}&#8220;][et_pb_blurb title=&#8220;Super Mercure&#8220; url=&#8220;@ET-DC@eyJkeW5hbWljIjp0cnVlLCJjb250ZW50IjoicG9zdF9saW5rX3VybF9wYWdlIiwic2V0dGluZ3MiOnsicG9zdF9pZCI6IjU3MCJ9fQ==@&#8220; image=&#8220;https:\/\/info-lauriersroses.com\/wp-content\/uploads\/2023\/01\/image-10.jpeg&#8220; admin_label=&#8220;Super Mercure&#8220; _builder_version=&#8220;4.19.4&#8243; _dynamic_attributes=&#8220;url&#8220; _module_preset=&#8220;default&#8220; header_level=&#8220;h3&#8243; header_font=&#8220;|600|||||||&#8220; header_text_color=&#8220;#763F83&#8243; header_font_size=&#8220;25px&#8220; body_text_color=&#8220;#000000&#8243; body_line_height=&#8220;1.2em&#8220; custom_padding=&#8220;6px|6px|6px|6px|false|false&#8220; border_radii=&#8220;on|1px|1px|1px|1px&#8220; border_width_all=&#8220;1px&#8220; border_color_all=&#8220;#763F83&#8243; global_colors_info=&#8220;{}&#8220; background__hover_enabled=&#8220;on|hover&#8220; background_color__hover=&#8220;rgba(118,63,131,0.2)&#8220; background_enable_color__hover=&#8220;on&#8220;]<\/p>\n<div>Maximal 6 Personen<\/div>\n<div>Oberfl\u00e4che: 28M2<\/div>\n<div> <\/div>\n<div><strong style=\"color: #763f83;\">von \u20ac 420,- p\/w<\/strong><\/div>\n<p>[\/et_pb_blurb][\/et_pb_column][et_pb_column type=&#8220;1_3&#8243; _builder_version=&#8220;4.19.0&#8243; _module_preset=&#8220;default&#8220; global_colors_info=&#8220;{}&#8220;][et_pb_blurb title=&#8220;EVO 29&#8243; url=&#8220;@ET-DC@eyJkeW5hbWljIjp0cnVlLCJjb250ZW50IjoicG9zdF9saW5rX3VybF9wYWdlIiwic2V0dGluZ3MiOnsicG9zdF9pZCI6IjYxMSJ9fQ==@&#8220; image=&#8220;https:\/\/info-lauriersroses.com\/wp-content\/uploads\/2023\/01\/image-29.jpeg&#8220; admin_label=&#8220;EVO 29&#8243; _builder_version=&#8220;4.19.4&#8243; _dynamic_attributes=&#8220;url&#8220; _module_preset=&#8220;default&#8220; header_level=&#8220;h3&#8243; header_font=&#8220;|600|||||||&#8220; header_text_color=&#8220;#763F83&#8243; header_font_size=&#8220;25px&#8220; body_text_color=&#8220;#000000&#8243; body_line_height=&#8220;1.2em&#8220; custom_padding=&#8220;6px|6px|6px|6px|false|false&#8220; border_radii=&#8220;on|1px|1px|1px|1px&#8220; border_width_all=&#8220;1px&#8220; border_color_all=&#8220;#763F83&#8243; global_colors_info=&#8220;{}&#8220; background__hover_enabled=&#8220;on|hover&#8220; background_color__hover=&#8220;rgba(118,63,131,0.2)&#8220; background_enable_color__hover=&#8220;on&#8220;]<\/p>\n<div>Maximal 6 Personen<\/div>\n<div>Oberfl\u00e4che: 29M2<\/div>\n<div> <\/div>\n<div><strong style=\"color: #763f83;\">von \u20ac 580,- p\/w<\/strong><\/div>\n<p>[\/et_pb_blurb][\/et_pb_column][\/et_pb_row][et_pb_row column_structure=&#8220;1_3,1_3,1_3&#8243; use_custom_gutter=&#8220;on&#8220; gutter_width=&#8220;2&#8243; _builder_version=&#8220;4.19.4&#8243; _module_preset=&#8220;default&#8220; custom_padding=&#8220;0px||||false|false&#8220; hover_enabled=&#8220;0&#8243; global_colors_info=&#8220;{}&#8220; make_equal=&#8220;on&#8220; sticky_enabled=&#8220;0&#8243;][et_pb_column type=&#8220;1_3&#8243; _builder_version=&#8220;4.19.0&#8243; _module_preset=&#8220;default&#8220; global_colors_info=&#8220;{}&#8220;][et_pb_blurb title=&#8220;Super M\u00fctze D\u00e9s\u00e9o&#8220; url=&#8220;@ET-DC@eyJkeW5hbWljIjp0cnVlLCJjb250ZW50IjoicG9zdF9saW5rX3VybF9wYWdlIiwic2V0dGluZ3MiOnsicG9zdF9pZCI6IjY0OSJ9fQ==@&#8220; image=&#8220;https:\/\/info-lauriersroses.com\/wp-content\/uploads\/2023\/01\/image-30.jpeg&#8220; admin_label=&#8220;Super Cap D\u00e9s\u00e9o&#8220; _builder_version=&#8220;4.19.4&#8243; _dynamic_attributes=&#8220;url&#8220; _module_preset=&#8220;default&#8220; header_level=&#8220;h3&#8243; header_font=&#8220;|600|||||||&#8220; header_text_color=&#8220;#763F83&#8243; header_font_size=&#8220;25px&#8220; body_text_color=&#8220;#000000&#8243; body_line_height=&#8220;1.2em&#8220; custom_padding=&#8220;6px|6px|6px|6px|false|false&#8220; border_radii=&#8220;on|1px|1px|1px|1px&#8220; border_width_all=&#8220;1px&#8220; border_color_all=&#8220;#763F83&#8243; global_colors_info=&#8220;{}&#8220; background__hover_enabled=&#8220;on|hover&#8220; background_color__hover=&#8220;rgba(118,63,131,0.2)&#8220; background_enable_color__hover=&#8220;on&#8220;]<\/p>\n<div>Maximal 6 Personen<\/div>\n<div>Oberfl\u00e4che: 34M2<\/div>\n<div> <\/div>\n<div><strong style=\"color: #763f83;\">ab \u20ac 600,- p\/w<\/strong><\/div>\n<p>[\/et_pb_blurb][\/et_pb_column][et_pb_column type=&#8220;1_3&#8243; _builder_version=&#8220;4.19.0&#8243; _module_preset=&#8220;default&#8220; global_colors_info=&#8220;{}&#8220;][\/et_pb_column][et_pb_column type=&#8220;1_3&#8243; _builder_version=&#8220;4.19.0&#8243; _module_preset=&#8220;default&#8220; global_colors_info=&#8220;{}&#8220;][\/et_pb_column][\/et_pb_row][et_pb_row _builder_version=&#8220;4.19.4&#8243; _module_preset=&#8220;default&#8220; global_module=&#8220;491&#8243; global_colors_info=&#8220;{}&#8220;][et_pb_column type=&#8220;4_4&#8243; _builder_version=&#8220;4.19.4&#8243; _module_preset=&#8220;default&#8220; global_colors_info=&#8220;{}&#8220;][et_pb_text _builder_version=&#8220;4.19.4&#8243; _module_preset=&#8220;default&#8220; header_3_text_align=&#8220;center&#8220; header_3_text_color=&#8220;#FFFFFF&#8220; header_3_font_size=&#8220;24px&#8220; background_color=&#8220;#763F83&#8243; custom_padding=&#8220;20px|20px|20px|20px|true|true&#8220; global_colors_info=&#8220;{}&#8220;]<\/p>\n<h3 class=\"wit y2\"><strong>Sonderangebot:<\/strong> 10% Rabatt auf den Gesamtmietpreis f\u00fcr Aufenthalte von 3 aufeinanderfolgenden Wochen w\u00e4hrend der Saison!<\/h3>\n<p>[\/et_pb_text][\/et_pb_column][\/et_pb_row][\/et_pb_section]<\/p>\n","protected":false},"excerpt":{"rendered":"<p>Unsere MobilheimeMaximal 4 Personen Oberfl\u00e4che: 23M2 von \u20ac 370,- p\/wMaximal 4 Personen Oberfl\u00e4che: 20M2 von \u20ac 380,- p\/wMaximal 6 Personen Oberfl\u00e4che: 25M2 ab \u20ac 400,- p\/wMaximal 4 Personen Oberfl\u00e4che: 24M2 von \u20ac 390,- p\/wMaximal 6 Personen Oberfl\u00e4che: 28M2 von \u20ac 420,- p\/wMaximal 6 Personen Oberfl\u00e4che: 29M2 von \u20ac 580,- p\/wMaximal 6 Personen Oberfl\u00e4che: 34M2 ab [&hellip;]<\/p>\n","protected":false},"author":1,"featured_media":0,"parent":0,"menu_order":0,"comment_status":"closed","ping_status":"closed","template":"","meta":{"_et_pb_use_builder":"on","_et_pb_old_content":"","_et_gb_content_width":"","footnotes":""},"class_list":["post-799440","page","type-page","status-publish","hentry"],"_links":{"self":[{"href":"https:\/\/info-lauriersroses.com\/de\/wp-json\/wp\/v2\/pages\/799440","targetHints":{"allow":["GET"]}}],"collection":[{"href":"https:\/\/info-lauriersroses.com\/de\/wp-json\/wp\/v2\/pages"}],"about":[{"href":"https:\/\/info-lauriersroses.com\/de\/wp-json\/wp\/v2\/types\/page"}],"author":[{"embeddable":true,"href":"https:\/\/info-lauriersroses.com\/de\/wp-json\/wp\/v2\/users\/1"}],"replies":[{"embeddable":true,"href":"https:\/\/info-lauriersroses.com\/de\/wp-json\/wp\/v2\/comments?post=799440"}],"version-history":[{"count":5,"href":"https:\/\/info-lauriersroses.com\/de\/wp-json\/wp\/v2\/pages\/799440\/revisions"}],"predecessor-version":[{"id":799445,"href":"https:\/\/info-lauriersroses.com\/de\/wp-json\/wp\/v2\/pages\/799440\/revisions\/799445"}],"wp:attachment":[{"href":"https:\/\/info-lauriersroses.com\/de\/wp-json\/wp\/v2\/media?parent=799440"}],"curies":[{"name":"wp","href":"https:\/\/api.w.org\/{rel}","templated":true}]}}