{"id":799294,"date":"2022-11-23T07:37:23","date_gmt":"2022-11-23T06:37:23","guid":{"rendered":"https:\/\/lauriersroses.jtni.nl\/einrichtungen\/"},"modified":"2025-04-25T08:58:58","modified_gmt":"2025-04-25T06:58:58","slug":"einrichtungen","status":"publish","type":"page","link":"https:\/\/info-lauriersroses.com\/de\/einrichtungen\/","title":{"rendered":"Einrichtungen"},"content":{"rendered":"<p>[et_pb_section fb_built=&#8220;1&#8243; admin_label=&#8220;section&#8220; _builder_version=&#8220;4.19.0&#8243; width=&#8220;1080px&#8220; width_tablet=&#8220;auto&#8220; width_phone=&#8220;auto&#8220; width_last_edited=&#8220;on|phone&#8220; module_alignment=&#8220;center&#8220; global_colors_info=&#8220;{}&#8220;][et_pb_row _builder_version=&#8220;4.19.0&#8243; _module_preset=&#8220;default&#8220; global_colors_info=&#8220;{}&#8220;][et_pb_column type=&#8220;4_4&#8243; _builder_version=&#8220;4.19.0&#8243; _module_preset=&#8220;default&#8220; global_colors_info=&#8220;{}&#8220;][et_pb_text admin_label=&#8220;Titel&#8220; _builder_version=&#8220;4.19.0&#8243; _module_preset=&#8220;default&#8220; global_colors_info=&#8220;{}&#8220;]<\/p>\n<h1>Alle Einrichtungen auf einen Blick<\/h1>\n<p>[\/et_pb_text][\/et_pb_column][\/et_pb_row][et_pb_row column_structure=&#8220;3_4,1_4&#8243; admin_label=&#8220;Zeile&#8220; _builder_version=&#8220;4.19.0&#8243; background_size=&#8220;initial&#8220; background_position=&#8220;top_left&#8220; background_repeat=&#8220;repeat&#8220; global_colors_info=&#8220;{}&#8220;][et_pb_column type=&#8220;3_4&#8243; _builder_version=&#8220;4.16&#8243; custom_padding=&#8220;|||&#8220; global_colors_info=&#8220;{}&#8220; custom_padding__hover=&#8220;|||&#8220;][et_pb_text admin_label=&#8220;Intro&#8220; _builder_version=&#8220;4.27.4&#8243; _module_preset=&#8220;default&#8220; hover_enabled=&#8220;0&#8243; global_colors_info=&#8220;{}&#8220; sticky_enabled=&#8220;0&#8243;]<\/p>\n<ul>\n<li>Sanit\u00e4ranlagen mit Warmwasser<\/li>\n<li>Angepasste sanit\u00e4re Einrichtungen (Toilette, Dusche und Waschbecken) f\u00fcr G\u00e4ste mit eingeschr\u00e4nkter Mobilit\u00e4t<\/li>\n<li>AED\/Defibrilator<\/li>\n<li>Servicestelle f\u00fcr Wohnmobile<\/li>\n<li>Vermietung von Schlie\u00dff\u00e4chern<\/li>\n<li>K\u00fchlschrank mieten<\/li>\n<li>Baby-Badezimmer<\/li>\n<li>Schwimmbad und Kinderbecken<\/li>\n<li>Restaurant \/ Bar<\/li>\n<li>WIFI<\/li>\n<li>TV<\/li>\n<li>Billard<\/li>\n<li>Fitnessger\u00e4te f\u00fcr drau\u00dfen<\/li>\n<li>Tischtennis und Tischfu\u00dfball<\/li>\n<li>Jeux de boules<\/li>\n<li>Spielplatz f\u00fcr Kleinkinder<\/li>\n<li>Sportplatz (Volleyball)<\/li>\n<li>Ladestation f\u00fcr Elektroautos<\/li>\n<li>Mediation beim Tauchen und Segeln<\/li>\n<li>Supermarkt und B\u00e4ckerei 25 m entfernt, neben dem Eingang des Campingplatzes<\/li>\n<li>Fahrradverleih auf dem Campingplatz<\/li>\n<li>Waschmaschine<\/li>\n<\/ul>\n<p>[\/et_pb_text][\/et_pb_column][et_pb_column type=&#8220;1_4&#8243; _builder_version=&#8220;4.19.0&#8243; custom_padding=&#8220;|||&#8220; global_colors_info=&#8220;{}&#8220; custom_padding__hover=&#8220;|||&#8220;][et_pb_text _builder_version=&#8220;4.19.0&#8243; _module_preset=&#8220;default&#8220; header_3_text_align=&#8220;center&#8220; global_colors_info=&#8220;{}&#8220;]<\/p>\n<h3>Fitnessger\u00e4te f\u00fcr drau\u00dfen<\/h3>\n<p>[\/et_pb_text][dica_divi_carousel show_items_desktop=&#8220;1&#8243; show_items_tablet=&#8220;1&#8243; transition_duration=&#8220;2000&#8243; loop=&#8220;on&#8220; autoplay=&#8220;on&#8220; advanced_effect=&#8220;1&#8243; overlay_color_field_bgcolor=&#8220;rgba(255,255,255,0.85)&#8220; _builder_version=&#8220;4.19.0&#8243; _module_preset=&#8220;default&#8220; global_colors_info=&#8220;{}&#8220;][dica_divi_carouselitem button_url_new_window=&#8220;1&#8243; image=&#8220;https:\/\/info-lauriersroses.com\/wp-content\/uploads\/2022\/11\/fitness1.png&#8220; _builder_version=&#8220;4.19.0&#8243; _module_preset=&#8220;default&#8220; global_colors_info=&#8220;{}&#8220;][\/dica_divi_carouselitem][dica_divi_carouselitem button_url_new_window=&#8220;1&#8243; image=&#8220;https:\/\/info-lauriersroses.com\/wp-content\/uploads\/2022\/11\/fitness2.png&#8220; _builder_version=&#8220;4.19.0&#8243; _module_preset=&#8220;default&#8220; global_colors_info=&#8220;{}&#8220;][\/dica_divi_carouselitem][dica_divi_carouselitem button_url_new_window=&#8220;1&#8243; image=&#8220;https:\/\/info-lauriersroses.com\/wp-content\/uploads\/2022\/11\/fitness3.png&#8220; _builder_version=&#8220;4.19.0&#8243; _module_preset=&#8220;default&#8220; global_colors_info=&#8220;{}&#8220;][\/dica_divi_carouselitem][dica_divi_carouselitem button_url_new_window=&#8220;1&#8243; image=&#8220;https:\/\/info-lauriersroses.com\/wp-content\/uploads\/2022\/11\/fitness4.png&#8220; _builder_version=&#8220;4.19.0&#8243; _module_preset=&#8220;default&#8220; global_colors_info=&#8220;{}&#8220;][\/dica_divi_carouselitem][\/dica_divi_carousel][et_pb_text _builder_version=&#8220;4.19.0&#8243; _module_preset=&#8220;default&#8220; header_3_text_align=&#8220;center&#8220; global_colors_info=&#8220;{}&#8220;]<\/p>\n<h3>Bleiben Sie auch im Urlaub top-fit!<\/h3>\n<p>[\/et_pb_text][\/et_pb_column][\/et_pb_row][\/et_pb_section]<\/p>\n","protected":false},"excerpt":{"rendered":"<p>Alle Einrichtungen auf einen Blick Sanit\u00e4ranlagen mit Warmwasser Angepasste sanit\u00e4re Einrichtungen (Toilette, Dusche und Waschbecken) f\u00fcr G\u00e4ste mit eingeschr\u00e4nkter Mobilit\u00e4t AED\/Defibrilator Servicestelle f\u00fcr Wohnmobile Vermietung von Schlie\u00dff\u00e4chern K\u00fchlschrank mieten Baby-Badezimmer Schwimmbad und Kinderbecken Restaurant \/ Bar WIFI TV Billard Fitnessger\u00e4te f\u00fcr drau\u00dfen Tischtennis und Tischfu\u00dfball Jeux de boules Spielplatz f\u00fcr Kleinkinder Sportplatz (Volleyball) Ladestation f\u00fcr [&hellip;]<\/p>\n","protected":false},"author":1,"featured_media":0,"parent":0,"menu_order":0,"comment_status":"closed","ping_status":"closed","template":"","meta":{"_et_pb_use_builder":"on","_et_pb_old_content":"","_et_gb_content_width":"","footnotes":""},"class_list":["post-799294","page","type-page","status-publish","hentry"],"_links":{"self":[{"href":"https:\/\/info-lauriersroses.com\/de\/wp-json\/wp\/v2\/pages\/799294","targetHints":{"allow":["GET"]}}],"collection":[{"href":"https:\/\/info-lauriersroses.com\/de\/wp-json\/wp\/v2\/pages"}],"about":[{"href":"https:\/\/info-lauriersroses.com\/de\/wp-json\/wp\/v2\/types\/page"}],"author":[{"embeddable":true,"href":"https:\/\/info-lauriersroses.com\/de\/wp-json\/wp\/v2\/users\/1"}],"replies":[{"embeddable":true,"href":"https:\/\/info-lauriersroses.com\/de\/wp-json\/wp\/v2\/comments?post=799294"}],"version-history":[{"count":7,"href":"https:\/\/info-lauriersroses.com\/de\/wp-json\/wp\/v2\/pages\/799294\/revisions"}],"predecessor-version":[{"id":802181,"href":"https:\/\/info-lauriersroses.com\/de\/wp-json\/wp\/v2\/pages\/799294\/revisions\/802181"}],"wp:attachment":[{"href":"https:\/\/info-lauriersroses.com\/de\/wp-json\/wp\/v2\/media?parent=799294"}],"curies":[{"name":"wp","href":"https:\/\/api.w.org\/{rel}","templated":true}]}}